{"id":100,"date":"2019-12-16T14:41:25","date_gmt":"2019-12-16T14:41:25","guid":{"rendered":"http:\/\/mainzerfuechse.de\/?page_id=100"},"modified":"2026-05-13T19:04:24","modified_gmt":"2026-05-13T19:04:24","slug":"training","status":"publish","type":"page","link":"https:\/\/mainzerfuechse.de\/?page_id=100","title":{"rendered":"Training im Fuchsbau"},"content":{"rendered":"<div class=\"wp-block-image is-style-default\">\n<figure class=\"aligncenter size-thumbnail\"><img loading=\"lazy\" decoding=\"async\" width=\"150\" height=\"150\" src=\"https:\/\/mainzerfuechse.de\/wp-content\/uploads\/2024\/03\/FuchLogo_2_Schwarz_Fuchsyeah-2000x2000px-150x150.png\" alt=\"Logo des TTC Mainzer F\u00fcchse - Fuchs Yeah\" class=\"wp-image-445\" srcset=\"https:\/\/mainzerfuechse.de\/wp-content\/uploads\/2024\/03\/FuchLogo_2_Schwarz_Fuchsyeah-2000x2000px-150x150.png 150w, https:\/\/mainzerfuechse.de\/wp-content\/uploads\/2024\/03\/FuchLogo_2_Schwarz_Fuchsyeah-2000x2000px-300x300.png 300w, https:\/\/mainzerfuechse.de\/wp-content\/uploads\/2024\/03\/FuchLogo_2_Schwarz_Fuchsyeah-2000x2000px-1024x1024.png 1024w, https:\/\/mainzerfuechse.de\/wp-content\/uploads\/2024\/03\/FuchLogo_2_Schwarz_Fuchsyeah-2000x2000px-768x768.png 768w, https:\/\/mainzerfuechse.de\/wp-content\/uploads\/2024\/03\/FuchLogo_2_Schwarz_Fuchsyeah-2000x2000px-1536x1536.png 1536w, https:\/\/mainzerfuechse.de\/wp-content\/uploads\/2024\/03\/FuchLogo_2_Schwarz_Fuchsyeah-2000x2000px-1200x1200.png 1200w, https:\/\/mainzerfuechse.de\/wp-content\/uploads\/2024\/03\/FuchLogo_2_Schwarz_Fuchsyeah-2000x2000px-1980x1980.png 1980w, https:\/\/mainzerfuechse.de\/wp-content\/uploads\/2024\/03\/FuchLogo_2_Schwarz_Fuchsyeah-2000x2000px.png 2000w\" sizes=\"auto, (max-width: 150px) 100vw, 150px\" \/><\/figure>\n<\/div>\n\n\n<p>Wir trainieren jeden Dienstag und Donnerstag von 19 bis 22 Uhr sowie Freitag ab 20 Uhr in der Leibnizschule in der Mainzer Neustadt.<\/p>\n\n\n\n<p>Dabei findet Dienstag und Donnerstag das Training f\u00fcr aktive Mannschaftsmitglieder statt und am Freitag ist der Fuchsbau f\u00fcr alle, auch Hobbyspieler:innen, ge\u00f6ffnet.<\/p>\n\n\n\n<h2 class=\"wp-block-heading\">Wichtig!<\/h2>\n\n\n\n<p>F\u00fcr unsere gesch\u00e4tzten Gegner und alle anderen Nicht-F\u00fcchse: Die Schultore m\u00fcssen ab 19 Uhr verschlossen sein, d. h. es darf keine T\u00fcr verkeilt oder auf andere Art offen gehalten werden. Bitte ruft diese Nummer an: 0157 54303666. Es kommt dann jemand, der euch \u00f6ffnet.<\/p>\n\n\n\n<h2 class=\"wp-block-heading\">Leibnizschule<\/h2>\n\n\n\n<p>Die offizielle Adresse des Seiteneingangs ist: <a href=\"https:\/\/maps.app.goo.gl\/sEYgWeteTzu3nGoS9\">Leibnizstra\u00dfe 13, 55118 Mainz<\/a> (der Eingang ist unten im Bild mit einem roten X markiert).<\/p>\n\n\n\n<figure class=\"wp-block-image size-large\"><img loading=\"lazy\" decoding=\"async\" width=\"1024\" height=\"867\" src=\"https:\/\/mainzerfuechse.de\/wp-content\/uploads\/2024\/04\/IMG_0384-1024x867.jpg\" alt=\"\" class=\"wp-image-522\" srcset=\"https:\/\/mainzerfuechse.de\/wp-content\/uploads\/2024\/04\/IMG_0384-1024x867.jpg 1024w, https:\/\/mainzerfuechse.de\/wp-content\/uploads\/2024\/04\/IMG_0384-300x254.jpg 300w, https:\/\/mainzerfuechse.de\/wp-content\/uploads\/2024\/04\/IMG_0384-768x650.jpg 768w, https:\/\/mainzerfuechse.de\/wp-content\/uploads\/2024\/04\/IMG_0384-1200x1016.jpg 1200w, https:\/\/mainzerfuechse.de\/wp-content\/uploads\/2024\/04\/IMG_0384.jpg 1484w\" sizes=\"auto, (max-width: 1024px) 100vw, 1024px\" \/><\/figure>\n\n\n\n<p>Parken ist erfahrungsgem\u00e4\u00df am Abend in der Neustadt schwierig bis unm\u00f6glich. Daher empfehlen wir entweder die Anreise mit \u00f6ffentlichen Verkehrsmitteln oder das Parken am <a href=\"https:\/\/maps.app.goo.gl\/1VbSn9xzxXt2p2Qp9\">Hauptbahnhof<\/a> oder bei den <a href=\"https:\/\/maps.app.goo.gl\/U7yiHPpc7h37BQbx8\">Stadtwerken Mainz<\/a> (kostenfrei am Abend).<\/p>\n\n\n\n<figure class=\"wp-block-image size-full\"><img loading=\"lazy\" decoding=\"async\" width=\"452\" height=\"622\" src=\"https:\/\/mainzerfuechse.de\/wp-content\/uploads\/2024\/04\/Parkplatz-Stadtwerke-edited.png\" alt=\"\" class=\"wp-image-524\" srcset=\"https:\/\/mainzerfuechse.de\/wp-content\/uploads\/2024\/04\/Parkplatz-Stadtwerke-edited.png 452w, https:\/\/mainzerfuechse.de\/wp-content\/uploads\/2024\/04\/Parkplatz-Stadtwerke-edited-218x300.png 218w\" sizes=\"auto, (max-width: 452px) 100vw, 452px\" \/><\/figure>\n\n\n\n<figure class=\"wp-block-image size-large\"><img loading=\"lazy\" decoding=\"async\" width=\"1024\" height=\"742\" src=\"https:\/\/mainzerfuechse.de\/wp-content\/uploads\/2024\/01\/Training-mit-Gruics-1024x742.jpeg\" alt=\"\" class=\"wp-image-431\" srcset=\"https:\/\/mainzerfuechse.de\/wp-content\/uploads\/2024\/01\/Training-mit-Gruics-1024x742.jpeg 1024w, https:\/\/mainzerfuechse.de\/wp-content\/uploads\/2024\/01\/Training-mit-Gruics-300x217.jpeg 300w, https:\/\/mainzerfuechse.de\/wp-content\/uploads\/2024\/01\/Training-mit-Gruics-768x557.jpeg 768w, https:\/\/mainzerfuechse.de\/wp-content\/uploads\/2024\/01\/Training-mit-Gruics-1200x870.jpeg 1200w, https:\/\/mainzerfuechse.de\/wp-content\/uploads\/2024\/01\/Training-mit-Gruics.jpeg 1512w\" sizes=\"auto, (max-width: 1024px) 100vw, 1024px\" \/><\/figure>\n","protected":false},"excerpt":{"rendered":"<p>Wir trainieren jeden Dienstag und Donnerstag von 19 bis 22 Uhr sowie Freitag ab 20 Uhr in der Leibnizschule in der Mainzer Neustadt. Dabei findet Dienstag und Donnerstag das Training f\u00fcr aktive Mannschaftsmitglieder statt und am Freitag ist der Fuchsbau f\u00fcr alle, auch Hobbyspieler:innen, ge\u00f6ffnet. Wichtig! F\u00fcr unsere gesch\u00e4tzten Gegner und alle anderen Nicht-F\u00fcchse: Die [&hellip;]<\/p>\n","protected":false},"author":1,"featured_media":0,"parent":0,"menu_order":0,"comment_status":"closed","ping_status":"closed","template":"","meta":{"bBlocksCursorData":"","ngg_post_thumbnail":0,"footnotes":""},"class_list":["post-100","page","type-page","status-publish","hentry"],"_links":{"self":[{"href":"https:\/\/mainzerfuechse.de\/index.php?rest_route=\/wp\/v2\/pages\/100","targetHints":{"allow":["GET"]}}],"collection":[{"href":"https:\/\/mainzerfuechse.de\/index.php?rest_route=\/wp\/v2\/pages"}],"about":[{"href":"https:\/\/mainzerfuechse.de\/index.php?rest_route=\/wp\/v2\/types\/page"}],"author":[{"embeddable":true,"href":"https:\/\/mainzerfuechse.de\/index.php?rest_route=\/wp\/v2\/users\/1"}],"replies":[{"embeddable":true,"href":"https:\/\/mainzerfuechse.de\/index.php?rest_route=%2Fwp%2Fv2%2Fcomments&post=100"}],"version-history":[{"count":27,"href":"https:\/\/mainzerfuechse.de\/index.php?rest_route=\/wp\/v2\/pages\/100\/revisions"}],"predecessor-version":[{"id":580,"href":"https:\/\/mainzerfuechse.de\/index.php?rest_route=\/wp\/v2\/pages\/100\/revisions\/580"}],"wp:attachment":[{"href":"https:\/\/mainzerfuechse.de\/index.php?rest_route=%2Fwp%2Fv2%2Fmedia&parent=100"}],"curies":[{"name":"wp","href":"https:\/\/api.w.org\/{rel}","templated":true}]}}